{"id":221,"date":"2014-10-25T21:42:56","date_gmt":"2014-10-25T19:42:56","guid":{"rendered":"http:\/\/www.lade-druck.de\/?page_id=221"},"modified":"2014-10-25T21:42:56","modified_gmt":"2014-10-25T19:42:56","slug":"gewerbliche-kunden-werkstaetten","status":"publish","type":"page","link":"http:\/\/www.lade-druck.de\/?page_id=221","title":{"rendered":"gewerbliche Kunden \/ Werkst\u00e4tten"},"content":{"rendered":"<hr \/>\n<h1 style=\"text-align: center;\"><\/h1>\n<h1 style=\"text-align: center;\">Herzlich Willkommen auf unserer Seite !<\/h1>\n<h4 style=\"text-align: center;\"><\/h4>\n<h4 style=\"text-align: center;\">Sie sind <span style=\"text-decoration: underline;\"><strong><em>eine Werkstatt<\/em><\/strong><\/span> und suchen einen zuverl\u00e4ssigen und professionellen Partner wenn es um<br \/>\nDiagnosel\u00f6sungen geht ? Sie wollen sich evtl. ein kleines Standbein als Vermittler von unseren<br \/>\nLeistungssteigerungen aufbauen ? Oder brauchen Sie \u00f6fters Hilfe bei Reparaturl\u00f6sungen (DPF &#8211;<br \/>\nEntfernung, Wegfahrsperren \/ Schl\u00fcssel .. usw. )??<\/h4>\n<h4 style=\"text-align: center;\">Dann sind Sie bei uns genau richtig! Seit Anfang an besteht unser\u00a0Kundenkreis auch aus mehreren<br \/>\nWerkst\u00e4tten mit denen wir eine dauerhafte Zusammenarbeit haben. Zuverl\u00e4ssigkeit und schnelle<br \/>\nBearbeitung steht dabei im Vordergrund. Auch k\u00f6nnen Sie nat\u00fcrlich von einer attraktiven Preis-<br \/>\ngestaltung profitieren.<\/h4>\n<h4 style=\"text-align: center;\"><em><strong>Weiterhin m\u00f6chten Wir Sie darauf aufmerksam machen, dass wir einen umfangreichen Katalog an<br \/>\nDiagnoseger\u00e4ten\u00a0<\/strong><\/em><em><strong>f\u00fchren. Eine leistungsf\u00e4hige Werkstattausr\u00fcstung ist so zu einem sehr fairen Preis m\u00f6glich.<\/strong><\/em><br \/>\n<em><strong>Bitte lassen Sie sich von uns beraten!\u00a0<\/strong><\/em><\/h4>\n<p>&nbsp;<\/p>\n<p style=\"text-align: center;\">Beispiel:<\/p>\n<p style=\"text-align: center;\"><img loading=\"lazy\" decoding=\"async\" class=\"alignnone size-full wp-image-289\" src=\"http:\/\/www.lade-druck.de\/wp-content\/uploads\/2014\/10\/LAUNCH_DIAGUN_3-1-1.jpg\" alt=\"\" width=\"250\" height=\"293\" \/><\/p>\n<p style=\"text-align: center;\">Vollumf\u00e4ngliches Diagnoseger\u00e4t von LAUNCH mit Touchscreen, alle Marken enthalten.<\/p>\n<p style=\"text-align: center;\">&#8211; neueste Technologie, 1 Jahr gratis Updates<br \/>\n&#8211; Bluetooth Datenbindung<br \/>\n&#8211; Diagnose, Codierungen, Adaptierungen usw.<br \/>\n&#8211; Funktionsumfang \u00e4hnlich dem Bosch KTS<br \/>\n&#8211; perfektes Preis- \/ Leistungsverh\u00e4ltnis, besonders f\u00fcr kleine und mittlere Werkst\u00e4tten<\/p>\n<p style=\"text-align: center;\">Preis : 990,- EUR inkl. USt.<\/p>\n<p style=\"text-align: center;\">Wir haben weitere Diagnosel\u00f6sungen f\u00fcr VAG, OPEL, BMW.. im Angebot.<\/p>\n<p>&nbsp;<\/p>\n<p>&nbsp;<\/p>\n<h4 style=\"text-align: center;\">Sie haben\u00a0<span style=\"text-decoration: underline;\"><em><strong>eine Firma mit Fuhrpark<\/strong><\/em><\/span>, der zum Beispiel aus Transportern und Dienst- PKW besteht<br \/>\nund haben vor, diese Flotte sparsamer bzw. &#8220;schneller&#8221; zu machen?<\/h4>\n<h4 style=\"text-align: center;\">Auch dann k\u00f6nnen Sie von uns stark profitieren. Wir haben viele Firmenkunden mit Transportern,<br \/>\nwelche eine Leistungssteigerung erhalten. Auch ist eine Verbrauchseinsparung machbar.<\/h4>\n<p style=\"text-align: center;\">Beispiel:<\/p>\n<p style=\"text-align: center;\">&#8211; VW T5 1.9 TDI \u00a0 \u00a0 \u00a0Serie 90 PS \/ 105 PS \u00a0 \u00a0&#8211; \u00a0 \u00a0mit Leistungssteigerung ~ 145 &#8211; 150 PS , Vebrauch sinkt um etwa 1\/2 Liter<\/p>\n<h4 style=\"text-align: center;\">Bereits ab dem 2.Wagen k\u00f6nnen Sie von unseren Rabatten profitieren.<\/h4>\n","protected":false},"excerpt":{"rendered":"<p>Herzlich Willkommen auf unserer Seite ! Sie sind eine Werkstatt und suchen einen zuverl\u00e4ssigen und professionellen Partner wenn es um Diagnosel\u00f6sungen geht ? Sie wollen sich evtl. ein kleines Standbein als Vermittler von unseren Leistungssteigerungen aufbauen ? Oder brauchen Sie \u00f6fters Hilfe bei Reparaturl\u00f6sungen (DPF &#8211; Entfernung, Wegfahrsperren \/ Schl\u00fcssel .. usw. )?? Dann sind [&hellip;]<\/p>\n","protected":false},"author":1,"featured_media":0,"parent":130,"menu_order":0,"comment_status":"closed","ping_status":"closed","template":"templates\/template-full-notitle.php","meta":{"footnotes":""},"class_list":["post-221","page","type-page","status-publish","hentry","post"],"_links":{"self":[{"href":"http:\/\/www.lade-druck.de\/index.php?rest_route=\/wp\/v2\/pages\/221","targetHints":{"allow":["GET"]}}],"collection":[{"href":"http:\/\/www.lade-druck.de\/index.php?rest_route=\/wp\/v2\/pages"}],"about":[{"href":"http:\/\/www.lade-druck.de\/index.php?rest_route=\/wp\/v2\/types\/page"}],"author":[{"embeddable":true,"href":"http:\/\/www.lade-druck.de\/index.php?rest_route=\/wp\/v2\/users\/1"}],"replies":[{"embeddable":true,"href":"http:\/\/www.lade-druck.de\/index.php?rest_route=%2Fwp%2Fv2%2Fcomments&post=221"}],"version-history":[{"count":0,"href":"http:\/\/www.lade-druck.de\/index.php?rest_route=\/wp\/v2\/pages\/221\/revisions"}],"up":[{"embeddable":true,"href":"http:\/\/www.lade-druck.de\/index.php?rest_route=\/wp\/v2\/pages\/130"}],"wp:attachment":[{"href":"http:\/\/www.lade-druck.de\/index.php?rest_route=%2Fwp%2Fv2%2Fmedia&parent=221"}],"curies":[{"name":"wp","href":"https:\/\/api.w.org\/{rel}","templated":true}]}}