{"id":229,"date":"2014-10-25T21:49:23","date_gmt":"2014-10-25T19:49:23","guid":{"rendered":"http:\/\/www.lade-druck.de\/?page_id=229"},"modified":"2014-10-25T21:49:23","modified_gmt":"2014-10-25T19:49:23","slug":"vmax-aufhebung","status":"publish","type":"page","link":"http:\/\/www.lade-druck.de\/?page_id=229","title":{"rendered":"VMAX Aufhebung"},"content":{"rendered":"<hr \/>\n<p style=\"text-align: center;\">\n<p style=\"text-align: center;\">Sie haben ein leistungsstarkes Fahrzeug, bei dem die H\u00f6chstgeschwindigkeit bei 250 KMH abgeregelt ist ?<\/p>\n<p style=\"text-align: center;\">Das muss nicht sein \ud83d\ude42<\/p>\n<p style=\"text-align: center;\">Wir k\u00f6nnen die H\u00f6chstgeschwindkeit im Kennfeld der Motorsteuerung deaktivieren. Bitte beachten Sie bei einer<br \/>\nFreischaltung die H\u00f6chstgeschwindigkeitsgrenze Ihrer Reifen.<\/p>\n<p style=\"text-align: center;\"><strong>PREIS:<\/strong><\/p>\n<p style=\"text-align: center;\">Programmierung:<\/p>\n<p style=\"text-align: center;\"><em>EDC15 &#8211; EDC17 : 100 &#8211; 200 EUR netto<\/em><\/p>\n<p style=\"text-align: center;\">andere Steuerger\u00e4te auf Anfrage<\/p>\n<p style=\"text-align: center;\"><strong>ACHTUNG<\/strong>: Wir weisen hiermit darauf hin, dass die Deaktivierung der VMAX\u00a0im Geltungsbereich der STVZO nicht zul\u00e4ssig ist.<br \/>\nDiese Dienstleistung sollte ausschlie\u00dflich f\u00fcr Tuningszwecke oder auf privaten Grundst\u00fccken genutzt werden.<\/p>\n","protected":false},"excerpt":{"rendered":"<p>Sie haben ein leistungsstarkes Fahrzeug, bei dem die H\u00f6chstgeschwindigkeit bei 250 KMH abgeregelt ist ? Das muss nicht sein \ud83d\ude42 Wir k\u00f6nnen die H\u00f6chstgeschwindkeit im Kennfeld der Motorsteuerung deaktivieren. Bitte beachten Sie bei einer Freischaltung die H\u00f6chstgeschwindigkeitsgrenze Ihrer Reifen. PREIS: Programmierung: EDC15 &#8211; EDC17 : 100 &#8211; 200 EUR netto andere Steuerger\u00e4te auf Anfrage ACHTUNG: [&hellip;]<\/p>\n","protected":false},"author":1,"featured_media":0,"parent":242,"menu_order":0,"comment_status":"closed","ping_status":"closed","template":"templates\/template-full-notitle.php","meta":{"footnotes":""},"class_list":["post-229","page","type-page","status-publish","hentry","post"],"_links":{"self":[{"href":"http:\/\/www.lade-druck.de\/index.php?rest_route=\/wp\/v2\/pages\/229","targetHints":{"allow":["GET"]}}],"collection":[{"href":"http:\/\/www.lade-druck.de\/index.php?rest_route=\/wp\/v2\/pages"}],"about":[{"href":"http:\/\/www.lade-druck.de\/index.php?rest_route=\/wp\/v2\/types\/page"}],"author":[{"embeddable":true,"href":"http:\/\/www.lade-druck.de\/index.php?rest_route=\/wp\/v2\/users\/1"}],"replies":[{"embeddable":true,"href":"http:\/\/www.lade-druck.de\/index.php?rest_route=%2Fwp%2Fv2%2Fcomments&post=229"}],"version-history":[{"count":0,"href":"http:\/\/www.lade-druck.de\/index.php?rest_route=\/wp\/v2\/pages\/229\/revisions"}],"up":[{"embeddable":true,"href":"http:\/\/www.lade-druck.de\/index.php?rest_route=\/wp\/v2\/pages\/242"}],"wp:attachment":[{"href":"http:\/\/www.lade-druck.de\/index.php?rest_route=%2Fwp%2Fv2%2Fmedia&parent=229"}],"curies":[{"name":"wp","href":"https:\/\/api.w.org\/{rel}","templated":true}]}}