{"id":99,"date":"2014-09-19T16:10:35","date_gmt":"2014-09-19T14:10:35","guid":{"rendered":"http:\/\/www.lade-druck.de\/?page_id=99"},"modified":"2023-02-20T17:41:27","modified_gmt":"2023-02-20T16:41:27","slug":"kontakt","status":"publish","type":"page","link":"http:\/\/www.lade-druck.de\/?page_id=99","title":{"rendered":"Kontakt"},"content":{"rendered":"<p><strong>Hinweis: Aufgrund der vielen schriftlichen Anfragen kann es zu Verz\u00f6gerungen bei der Beantwortung per Email kommen.<\/strong><\/p>\n<p>Anfragen \u00fcber das Mail-System bei Facebook werden schnellstm\u00f6glich beantwortet.<\/p>\n<p>Anfragen per Telefon \/ Whatsapp (01735674427) werden sofort\/ schnellstm\u00f6glich angenommen.<\/p>\n<form method=\"post\" id=\"cntctfrm_contact_form\" class=\"cntctfrm_contact_form cntctfrm_one_column cntctfrm_ltr cntctfrm_width_default\" action=\"\/index.php?rest_route=%2Fwp%2Fv2%2Fpages%2F99#cntctfrm_contact_form\" enctype=\"multipart\/form-data\"><div id=\"cntctfrm_first_column\" class=\"cntctfrm_column\"><div class=\"cntctfrm_field_wrap cntctfrm_field_name_wrap\"namecontact><div class=\"cntctfrm_label cntctfrm_label_name\">\n\t\t\t\t\t\t\t\t\t\t<label for=\"cntctfrm_contact_name\">Name: <span class=\"required\">*<\/span><\/label><\/div><div class=\"cntctfrm_input cntctfrm_input_name\">\n\t\t\t\t\t\t\t\t\t\t<input namecontact class=\"text\" type=\"text\" size=\"40\" pattern=\"^[\\p{L}\\p{M}]{3,}(\\s\\p{M}*\\p{L}+)*\" title=\"Bitte nur Buchstaben mit mindestens 3 Zeichen eingeben, W\u00f6rter durch Leerzeichen getrennt\" value=\"\" name=\"cntctfrm_contact_name\" id=\"cntctfrm_contact_name\" \/><\/div><\/div><div class=\"cntctfrm_field_wrap cntctfrm_field_email_wrap\"email><div class=\"cntctfrm_label cntctfrm_label_email\">\n\t\t\t\t\t\t\t\t\t\t<label for=\"cntctfrm_contact_email\">E-Mail Adresse:: <span class=\"required\">*<\/span><\/label>\n\t\t\t\t\t\t\t\t\t<\/div><div class=\"cntctfrm_input cntctfrm_input_email\">\n\t\t\t\t\t\t\t\t\t\t<input email class=\"text\" type=\"email\" size=\"40\" value=\"\" name=\"cntctfrm_contact_email\" id=\"cntctfrm_contact_email\" \/><\/div><\/div><div class=\"cntctfrm_field_wrap cntctfrm_field_phone_wrap\"><div class=\"cntctfrm_label cntctfrm_label_phone\">\n\t\t\t\t\t\t\t\t\t\t\t<label for=\"cntctfrm_contact_phone\">Telefonnummer::<\/label>\n\t\t\t\t\t\t\t\t\t\t<\/div><div class=\"cntctfrm_input cntctfrm_input_phone\">\n\t\t\t\t\t\t\t\t\t\t<input class=\"text\" type=\"text\" size=\"40\" value=\"\" pattern=\"[0-9]{6,}\" title=\"Bitte geben Sie nur Zahlen mit mindestens 6 Zeichen ein\" name=\"cntctfrm_contact_phone\" id=\"cntctfrm_contact_phone\" \/><\/div><\/div><div class=\"cntctfrm_field_wrap cntctfrm_field_subject_wrap\"subject><div class=\"cntctfrm_label cntctfrm_label_subject\">\n\t\t\t\t\t\t\t\t\t\t<label for=\"cntctfrm_contact_subject\">Betreff: <span class=\"required\">*<\/span><\/label>\n\t\t\t\t\t\t\t\t\t<\/div><div class=\"cntctfrm_input cntctfrm_input_subject\">\n\t\t\t\t\t\t\t\t\t<input subject pattern=\"^[\\p{M}\\p{L}]{3,}(\\s\\p{M}*\\p{L}+)*\" title=\"Bitte nur Buchstaben mit mindestens 3 Zeichen eingeben, W\u00f6rter durch Leerzeichen getrennt\" class=\"text\" type=\"text\" size=\"40\" value=\"\" name=\"cntctfrm_contact_subject\" id=\"cntctfrm_contact_subject\" \/><\/div><\/div><div class=\"cntctfrm_field_wrap cntctfrm_field_message_wrap\"message><div class=\"cntctfrm_label cntctfrm_label_message\">\n\t\t\t\t\t\t\t\t\t<label for=\"cntctfrm_contact_message\">Inhalt: <span class=\"required\">*<\/span><\/label>\n\t\t\t\t\t\t\t\t<\/div><div class=\"cntctfrm_input cntctfrm_input_message\">\n\t\t\t\t\t\t\t\t\t<textarea message rows=\"5\" cols=\"30\" name=\"cntctfrm_contact_message\" id=\"cntctfrm_contact_message\"><\/textarea><\/div><\/div><div class=\"cntctfrm_field_wrap cntctfrm_field_attachment_wrap\"><div class=\"cntctfrm_checkbox cntctfrm_checkbox_send_copy\">\n\t\t\t\t\t\t\t\t\t\t<input type=\"checkbox\" value=\"1\" name=\"cntctfrm_contact_send_copy\" id=\"cntctfrm_contact_send_copy\" \/>\n\t\t\t\t\t\t\t\t\t\t<label for=\"cntctfrm_contact_send_copy\">Kopie an mich senden<\/label><\/div><\/div><\/div><div class=\"clear\"><\/div><div class=\"cntctfrm_submit_wrap\"><div id=\"cntctfrm_submit_first_column\" class=\"cntctfrm_column\"><div class=\"cntctfrm_input cntctfrm_input_submit\"><input type=\"hidden\" value=\"send\" name=\"cntctfrm_contact_action\">\n\t\t\t\t\t\t\t<input type=\"hidden\" value=\"default\" name=\"cntctfrm_language\">\n\t\t\t\t\t\t\t<input type=\"hidden\" value=\"1\" name=\"cntctfrm_form_submited\">\n\t\t\t\t\t\t\t<input type=\"hidden\" value=\"cntctfrm_options\" name=\"cntctfrm_options_name\">\n\t\t\t\t\t\t\t<input type=\"submit\" value=\"Senden\" class=\"cntctfrm_contact_submit\" \/>\n\t\t\t\t\t\t<\/div><\/div><div id=\"cntctfrm_submit_second_column\" class=\"cntctfrm_column\"><\/div><div class=\"clear\"><\/div>\n\t\t\t<\/div>\n\t\t\t<\/form>\n<p>Bei direkten Tuninganfragen nennen Sie uns\u00a0bitte die Marke, das Modell, das Erstzulassungsjahr mit Monat und den verbauten Motor mit PS- Leistung.<br \/>\nAuch \u00fcber eine Information woher Sie kommen w\u00fcrden wir uns freuen.<br \/>\nSollten Sie einen R\u00fcckruf w\u00fcnschen, hinterlassen Sie bitte die Telefonnummer.<\/p>\n<h2>St\u00fctzpunkt<\/h2>\n<p>Unser St\u00fctzpunkt f\u00fcr Softwareoptimierungen und Umbauten befindet sich<br \/>\nin Kesselsdorf bei Dresden.<\/p>\n<p>Des Weiteren k\u00f6nnen unsere Kunden den beliebten Vor- Ort \u2013 Service in Anspruch<br \/>\nnehmen.<\/p>\n","protected":false},"excerpt":{"rendered":"<p>Hinweis: Aufgrund der vielen schriftlichen Anfragen kann es zu Verz\u00f6gerungen bei der Beantwortung per Email kommen. Anfragen \u00fcber das Mail-System bei Facebook werden schnellstm\u00f6glich beantwortet. Anfragen per Telefon \/ Whatsapp (01735674427) werden sofort\/ schnellstm\u00f6glich angenommen. Bei direkten Tuninganfragen nennen Sie uns\u00a0bitte die Marke, das Modell, das Erstzulassungsjahr mit Monat und den verbauten Motor mit PS- [&hellip;]<\/p>\n","protected":false},"author":1,"featured_media":0,"parent":0,"menu_order":0,"comment_status":"closed","ping_status":"closed","template":"","meta":{"footnotes":""},"class_list":["post-99","page","type-page","status-publish","hentry","post"],"_links":{"self":[{"href":"http:\/\/www.lade-druck.de\/index.php?rest_route=\/wp\/v2\/pages\/99","targetHints":{"allow":["GET"]}}],"collection":[{"href":"http:\/\/www.lade-druck.de\/index.php?rest_route=\/wp\/v2\/pages"}],"about":[{"href":"http:\/\/www.lade-druck.de\/index.php?rest_route=\/wp\/v2\/types\/page"}],"author":[{"embeddable":true,"href":"http:\/\/www.lade-druck.de\/index.php?rest_route=\/wp\/v2\/users\/1"}],"replies":[{"embeddable":true,"href":"http:\/\/www.lade-druck.de\/index.php?rest_route=%2Fwp%2Fv2%2Fcomments&post=99"}],"version-history":[{"count":3,"href":"http:\/\/www.lade-druck.de\/index.php?rest_route=\/wp\/v2\/pages\/99\/revisions"}],"predecessor-version":[{"id":409,"href":"http:\/\/www.lade-druck.de\/index.php?rest_route=\/wp\/v2\/pages\/99\/revisions\/409"}],"wp:attachment":[{"href":"http:\/\/www.lade-druck.de\/index.php?rest_route=%2Fwp%2Fv2%2Fmedia&parent=99"}],"curies":[{"name":"wp","href":"https:\/\/api.w.org\/{rel}","templated":true}]}}