{"id":211,"date":"2014-10-25T19:11:31","date_gmt":"2014-10-25T17:11:31","guid":{"rendered":"http:\/\/www.lade-druck.de\/?page_id=211"},"modified":"2026-05-05T14:06:38","modified_gmt":"2026-05-05T12:06:38","slug":"referenzen","status":"publish","type":"page","link":"https:\/\/www.lade-druck.de\/?page_id=211","title":{"rendered":"Referenzen"},"content":{"rendered":"\n<p style=\"font-size:16px\">Hier entsteht in Zukunft ein Einblick in unsere bisherigen Arbeiten und Projekte.<\/p>\n\n\n\n<p style=\"font-size:16px\">Wir werden auf dieser Seite nach und nach ausgew\u00e4hlte Fahrzeuge, Messungen und Umbauten vorstellen. So bekommst du einen besseren Eindruck davon, was wir machen und wie wir arbeiten.<\/p>\n\n\n\n<p style=\"font-size:16px\">Aktuelle Projekte, Einblicke aus der Werkstatt und neue Arbeiten zeigen wir bis dahin regelm\u00e4\u00dfig auf unseren Social-Media-Kan\u00e4len, zum Beispiel auf <strong>Facebook<\/strong> und Co.<\/p>\n\n\n\n<p><\/p>\n","protected":false},"excerpt":{"rendered":"<p>Hier entsteht in Zukunft ein Einblick in unsere bisherigen Arbeiten und Projekte. Wir werden auf dieser Seite nach und nach ausgew\u00e4hlte Fahrzeuge, Messungen und Umbauten vorstellen. So bekommst du einen besseren Eindruck davon, was wir machen und wie wir arbeiten. Aktuelle Projekte, Einblicke aus der Werkstatt und neue Arbeiten zeigen wir bis dahin regelm\u00e4\u00dfig auf [&hellip;]<\/p>\n","protected":false},"author":1,"featured_media":0,"parent":0,"menu_order":0,"comment_status":"closed","ping_status":"closed","template":"","meta":{"footnotes":""},"class_list":["post-211","page","type-page","status-publish","hentry"],"_links":{"self":[{"href":"https:\/\/www.lade-druck.de\/index.php?rest_route=\/wp\/v2\/pages\/211","targetHints":{"allow":["GET"]}}],"collection":[{"href":"https:\/\/www.lade-druck.de\/index.php?rest_route=\/wp\/v2\/pages"}],"about":[{"href":"https:\/\/www.lade-druck.de\/index.php?rest_route=\/wp\/v2\/types\/page"}],"author":[{"embeddable":true,"href":"https:\/\/www.lade-druck.de\/index.php?rest_route=\/wp\/v2\/users\/1"}],"replies":[{"embeddable":true,"href":"https:\/\/www.lade-druck.de\/index.php?rest_route=%2Fwp%2Fv2%2Fcomments&post=211"}],"version-history":[{"count":2,"href":"https:\/\/www.lade-druck.de\/index.php?rest_route=\/wp\/v2\/pages\/211\/revisions"}],"predecessor-version":[{"id":554,"href":"https:\/\/www.lade-druck.de\/index.php?rest_route=\/wp\/v2\/pages\/211\/revisions\/554"}],"wp:attachment":[{"href":"https:\/\/www.lade-druck.de\/index.php?rest_route=%2Fwp%2Fv2%2Fmedia&parent=211"}],"curies":[{"name":"wp","href":"https:\/\/api.w.org\/{rel}","templated":true}]}}